{"id":817,"date":"2019-09-17T17:18:57","date_gmt":"2019-09-17T15:18:57","guid":{"rendered":"https:\/\/tarimasgarment.com\/?post_type=product&#038;p=817"},"modified":"2019-09-18T14:29:50","modified_gmt":"2019-09-18T12:29:50","slug":"tarima-madera-fresno-blanco","status":"publish","type":"product","link":"https:\/\/tarimasgarment.com\/?product=tarima-madera-fresno-blanco","title":{"rendered":"Tarima Flotante Madera Fresno Blanco"},"content":{"rendered":"<p>Tarima Flotante: <strong>K\u00e4hrs<\/strong><\/p>\n<p>Colecci\u00f3n: <strong>Harmony Collection<\/strong><\/p>\n<p>Garant\u00eda: <strong>30 a\u00f1os<\/strong><\/p>\n<p>Estructura de Madera: <strong>Original<\/strong><\/p>\n<p>Tama\u00f1o de las lamas: <strong>largo 242,3 cm &#8211; ancho 19,6 cm &#8211; grosor 15 mm<\/strong><\/p>\n<p>Contenido de cada caja: <strong>2,85 m2<\/strong><\/p>\n","protected":false},"excerpt":{"rendered":"<p>Tarima Flotante de Fresno acabado en blanco de K\u00e4hrs. La marca m\u00e1s respetada dentro de este sector, tanto por la calidad de sus productos como por su resistencia. El fresno con el acabado en blanco es un suelo perfecto para crear un ambiente moderno y fresco. Con el podr\u00e1s jugar con el mobiliario y la decoraci\u00f3n para generar contrastes \u00fanicos.<\/p>\n<p>El sistema de micro biselado garantiza un aspecto natural de cada tabl\u00f3n y una sensaci\u00f3n original. Cada tabl\u00f3n se trata con un acabado con laca mate para asegurar la durabilidad del material que evita que aparezcan deslumbramientos con el paso del tiempo. Una calidad perfecta que asegura su calidad y resistencia en el d\u00eda a d\u00eda.<\/p>\n","protected":false},"featured_media":818,"comment_status":"closed","ping_status":"closed","template":"","meta":{"_acf_changed":false},"product_brand":[],"product_cat":[29,31],"product_tag":[],"class_list":{"0":"post-817","1":"product","2":"type-product","3":"status-publish","4":"has-post-thumbnail","6":"product_cat-tarimas-flotantes-madera","7":"product_cat-tarimas-kahrs","9":"first","10":"instock","11":"shipping-taxable","12":"product-type-simple"},"acf":[],"aioseo_notices":[],"yoast_head":"<!-- This site is optimized with the Yoast SEO plugin v24.9 - https:\/\/yoast.com\/wordpress\/plugins\/seo\/ -->\n<title>Tarima Flotante Madera Fresno Blanco - Tarimas Garment<\/title>\n<meta name=\"robots\" content=\"index, follow, max-snippet:-1, max-image-preview:large, max-video-preview:-1\" \/>\n<link rel=\"canonical\" href=\"https:\/\/tarimasgarment.com\/producto\/tarima-madera-fresno-blanco\/\" \/>\n<meta property=\"og:locale\" content=\"es_ES\" \/>\n<meta property=\"og:type\" content=\"article\" \/>\n<meta property=\"og:title\" content=\"Tarima Flotante Madera Fresno Blanco - Tarimas Garment\" \/>\n<meta property=\"og:description\" content=\"Tarima Flotante de Fresno acabado en blanco de K\u00e4hrs. La marca m\u00e1s respetada dentro de este sector, tanto por la calidad de sus productos como por su resistencia. El fresno con el acabado en blanco es un suelo perfecto para crear un ambiente moderno y fresco. Con el podr\u00e1s jugar con el mobiliario y la decoraci\u00f3n para generar contrastes \u00fanicos.  El sistema de micro biselado garantiza un aspecto natural de cada tabl\u00f3n y una sensaci\u00f3n original. Cada tabl\u00f3n se trata con un acabado con laca mate para asegurar la durabilidad del material que evita que aparezcan deslumbramientos con el paso del tiempo. Una calidad perfecta que asegura su calidad y resistencia en el d\u00eda a d\u00eda.\" \/>\n<meta property=\"og:url\" content=\"https:\/\/tarimasgarment.com\/producto\/tarima-madera-fresno-blanco\/\" \/>\n<meta property=\"og:site_name\" content=\"Tarimas Garment\" \/>\n<meta property=\"article:modified_time\" content=\"2019-09-18T12:29:50+00:00\" \/>\n<meta property=\"og:image\" content=\"https:\/\/tarimasgarment.com\/wp-content\/uploads\/2019\/09\/tarima-flotante-fresno-kahrs.jpg\" \/>\n\t<meta property=\"og:image:width\" content=\"700\" \/>\n\t<meta property=\"og:image:height\" content=\"700\" \/>\n\t<meta property=\"og:image:type\" content=\"image\/jpeg\" \/>\n<meta name=\"twitter:card\" content=\"summary_large_image\" \/>\n<script type=\"application\/ld+json\" class=\"yoast-schema-graph\">{\"@context\":\"https:\/\/schema.org\",\"@graph\":[{\"@type\":\"WebPage\",\"@id\":\"https:\/\/tarimasgarment.com\/producto\/tarima-madera-fresno-blanco\/\",\"url\":\"https:\/\/tarimasgarment.com\/producto\/tarima-madera-fresno-blanco\/\",\"name\":\"Tarima Flotante Madera Fresno Blanco - Tarimas Garment\",\"isPartOf\":{\"@id\":\"https:\/\/tarimasgarment.com\/#website\"},\"primaryImageOfPage\":{\"@id\":\"https:\/\/tarimasgarment.com\/producto\/tarima-madera-fresno-blanco\/#primaryimage\"},\"image\":{\"@id\":\"https:\/\/tarimasgarment.com\/producto\/tarima-madera-fresno-blanco\/#primaryimage\"},\"thumbnailUrl\":\"https:\/\/tarimasgarment.com\/wp-content\/uploads\/2019\/09\/tarima-flotante-fresno-kahrs.jpg\",\"datePublished\":\"2019-09-17T15:18:57+00:00\",\"dateModified\":\"2019-09-18T12:29:50+00:00\",\"breadcrumb\":{\"@id\":\"https:\/\/tarimasgarment.com\/producto\/tarima-madera-fresno-blanco\/#breadcrumb\"},\"inLanguage\":\"es\",\"potentialAction\":[{\"@type\":\"ReadAction\",\"target\":[\"https:\/\/tarimasgarment.com\/producto\/tarima-madera-fresno-blanco\/\"]}]},{\"@type\":\"ImageObject\",\"inLanguage\":\"es\",\"@id\":\"https:\/\/tarimasgarment.com\/producto\/tarima-madera-fresno-blanco\/#primaryimage\",\"url\":\"https:\/\/tarimasgarment.com\/wp-content\/uploads\/2019\/09\/tarima-flotante-fresno-kahrs.jpg\",\"contentUrl\":\"https:\/\/tarimasgarment.com\/wp-content\/uploads\/2019\/09\/tarima-flotante-fresno-kahrs.jpg\",\"width\":700,\"height\":700},{\"@type\":\"BreadcrumbList\",\"@id\":\"https:\/\/tarimasgarment.com\/producto\/tarima-madera-fresno-blanco\/#breadcrumb\",\"itemListElement\":[{\"@type\":\"ListItem\",\"position\":1,\"name\":\"Portada\",\"item\":\"https:\/\/tarimasgarment.com\/\"},{\"@type\":\"ListItem\",\"position\":2,\"name\":\"Tienda\",\"item\":\"https:\/\/tarimasgarment.com\/?page_id=667\"},{\"@type\":\"ListItem\",\"position\":3,\"name\":\"Tarima Flotante Madera Fresno Blanco\"}]},{\"@type\":\"WebSite\",\"@id\":\"https:\/\/tarimasgarment.com\/#website\",\"url\":\"https:\/\/tarimasgarment.com\/\",\"name\":\"Tarimas Garment\",\"description\":\"Especialistas en todo tipo de tarimas\",\"publisher\":{\"@id\":\"https:\/\/tarimasgarment.com\/#organization\"},\"potentialAction\":[{\"@type\":\"SearchAction\",\"target\":{\"@type\":\"EntryPoint\",\"urlTemplate\":\"https:\/\/tarimasgarment.com\/?s={search_term_string}\"},\"query-input\":{\"@type\":\"PropertyValueSpecification\",\"valueRequired\":true,\"valueName\":\"search_term_string\"}}],\"inLanguage\":\"es\"},{\"@type\":\"Organization\",\"@id\":\"https:\/\/tarimasgarment.com\/#organization\",\"name\":\"Tarimas Garment\",\"url\":\"https:\/\/tarimasgarment.com\/\",\"logo\":{\"@type\":\"ImageObject\",\"inLanguage\":\"es\",\"@id\":\"https:\/\/tarimasgarment.com\/#\/schema\/logo\/image\/\",\"url\":\"https:\/\/tarimasgarment.com\/wp-content\/uploads\/2019\/06\/cropped-tarimas-garment-logo.png\",\"contentUrl\":\"https:\/\/tarimasgarment.com\/wp-content\/uploads\/2019\/06\/cropped-tarimas-garment-logo.png\",\"width\":884,\"height\":356,\"caption\":\"Tarimas Garment\"},\"image\":{\"@id\":\"https:\/\/tarimasgarment.com\/#\/schema\/logo\/image\/\"}}]}<\/script>\n<!-- \/ Yoast SEO plugin. -->","yoast_head_json":{"title":"Tarima Flotante Madera Fresno Blanco - Tarimas Garment","robots":{"index":"index","follow":"follow","max-snippet":"max-snippet:-1","max-image-preview":"max-image-preview:large","max-video-preview":"max-video-preview:-1"},"canonical":"https:\/\/tarimasgarment.com\/producto\/tarima-madera-fresno-blanco\/","og_locale":"es_ES","og_type":"article","og_title":"Tarima Flotante Madera Fresno Blanco - Tarimas Garment","og_description":"Tarima Flotante de Fresno acabado en blanco de K\u00e4hrs. La marca m\u00e1s respetada dentro de este sector, tanto por la calidad de sus productos como por su resistencia. El fresno con el acabado en blanco es un suelo perfecto para crear un ambiente moderno y fresco. Con el podr\u00e1s jugar con el mobiliario y la decoraci\u00f3n para generar contrastes \u00fanicos.  El sistema de micro biselado garantiza un aspecto natural de cada tabl\u00f3n y una sensaci\u00f3n original. Cada tabl\u00f3n se trata con un acabado con laca mate para asegurar la durabilidad del material que evita que aparezcan deslumbramientos con el paso del tiempo. Una calidad perfecta que asegura su calidad y resistencia en el d\u00eda a d\u00eda.","og_url":"https:\/\/tarimasgarment.com\/producto\/tarima-madera-fresno-blanco\/","og_site_name":"Tarimas Garment","article_modified_time":"2019-09-18T12:29:50+00:00","og_image":[{"width":700,"height":700,"url":"https:\/\/tarimasgarment.com\/wp-content\/uploads\/2019\/09\/tarima-flotante-fresno-kahrs.jpg","type":"image\/jpeg"}],"twitter_card":"summary_large_image","schema":{"@context":"https:\/\/schema.org","@graph":[{"@type":"WebPage","@id":"https:\/\/tarimasgarment.com\/producto\/tarima-madera-fresno-blanco\/","url":"https:\/\/tarimasgarment.com\/producto\/tarima-madera-fresno-blanco\/","name":"Tarima Flotante Madera Fresno Blanco - Tarimas Garment","isPartOf":{"@id":"https:\/\/tarimasgarment.com\/#website"},"primaryImageOfPage":{"@id":"https:\/\/tarimasgarment.com\/producto\/tarima-madera-fresno-blanco\/#primaryimage"},"image":{"@id":"https:\/\/tarimasgarment.com\/producto\/tarima-madera-fresno-blanco\/#primaryimage"},"thumbnailUrl":"https:\/\/tarimasgarment.com\/wp-content\/uploads\/2019\/09\/tarima-flotante-fresno-kahrs.jpg","datePublished":"2019-09-17T15:18:57+00:00","dateModified":"2019-09-18T12:29:50+00:00","breadcrumb":{"@id":"https:\/\/tarimasgarment.com\/producto\/tarima-madera-fresno-blanco\/#breadcrumb"},"inLanguage":"es","potentialAction":[{"@type":"ReadAction","target":["https:\/\/tarimasgarment.com\/producto\/tarima-madera-fresno-blanco\/"]}]},{"@type":"ImageObject","inLanguage":"es","@id":"https:\/\/tarimasgarment.com\/producto\/tarima-madera-fresno-blanco\/#primaryimage","url":"https:\/\/tarimasgarment.com\/wp-content\/uploads\/2019\/09\/tarima-flotante-fresno-kahrs.jpg","contentUrl":"https:\/\/tarimasgarment.com\/wp-content\/uploads\/2019\/09\/tarima-flotante-fresno-kahrs.jpg","width":700,"height":700},{"@type":"BreadcrumbList","@id":"https:\/\/tarimasgarment.com\/producto\/tarima-madera-fresno-blanco\/#breadcrumb","itemListElement":[{"@type":"ListItem","position":1,"name":"Portada","item":"https:\/\/tarimasgarment.com\/"},{"@type":"ListItem","position":2,"name":"Tienda","item":"https:\/\/tarimasgarment.com\/?page_id=667"},{"@type":"ListItem","position":3,"name":"Tarima Flotante Madera Fresno Blanco"}]},{"@type":"WebSite","@id":"https:\/\/tarimasgarment.com\/#website","url":"https:\/\/tarimasgarment.com\/","name":"Tarimas Garment","description":"Especialistas en todo tipo de tarimas","publisher":{"@id":"https:\/\/tarimasgarment.com\/#organization"},"potentialAction":[{"@type":"SearchAction","target":{"@type":"EntryPoint","urlTemplate":"https:\/\/tarimasgarment.com\/?s={search_term_string}"},"query-input":{"@type":"PropertyValueSpecification","valueRequired":true,"valueName":"search_term_string"}}],"inLanguage":"es"},{"@type":"Organization","@id":"https:\/\/tarimasgarment.com\/#organization","name":"Tarimas Garment","url":"https:\/\/tarimasgarment.com\/","logo":{"@type":"ImageObject","inLanguage":"es","@id":"https:\/\/tarimasgarment.com\/#\/schema\/logo\/image\/","url":"https:\/\/tarimasgarment.com\/wp-content\/uploads\/2019\/06\/cropped-tarimas-garment-logo.png","contentUrl":"https:\/\/tarimasgarment.com\/wp-content\/uploads\/2019\/06\/cropped-tarimas-garment-logo.png","width":884,"height":356,"caption":"Tarimas Garment"},"image":{"@id":"https:\/\/tarimasgarment.com\/#\/schema\/logo\/image\/"}}]}},"_links":{"self":[{"href":"https:\/\/tarimasgarment.com\/index.php?rest_route=\/wp\/v2\/product\/817","targetHints":{"allow":["GET"]}}],"collection":[{"href":"https:\/\/tarimasgarment.com\/index.php?rest_route=\/wp\/v2\/product"}],"about":[{"href":"https:\/\/tarimasgarment.com\/index.php?rest_route=\/wp\/v2\/types\/product"}],"replies":[{"embeddable":true,"href":"https:\/\/tarimasgarment.com\/index.php?rest_route=%2Fwp%2Fv2%2Fcomments&post=817"}],"wp:featuredmedia":[{"embeddable":true,"href":"https:\/\/tarimasgarment.com\/index.php?rest_route=\/wp\/v2\/media\/818"}],"wp:attachment":[{"href":"https:\/\/tarimasgarment.com\/index.php?rest_route=%2Fwp%2Fv2%2Fmedia&parent=817"}],"wp:term":[{"taxonomy":"product_brand","embeddable":true,"href":"https:\/\/tarimasgarment.com\/index.php?rest_route=%2Fwp%2Fv2%2Fproduct_brand&post=817"},{"taxonomy":"product_cat","embeddable":true,"href":"https:\/\/tarimasgarment.com\/index.php?rest_route=%2Fwp%2Fv2%2Fproduct_cat&post=817"},{"taxonomy":"product_tag","embeddable":true,"href":"https:\/\/tarimasgarment.com\/index.php?rest_route=%2Fwp%2Fv2%2Fproduct_tag&post=817"}],"curies":[{"name":"wp","href":"https:\/\/api.w.org\/{rel}","templated":true}]}}